{"id":932,"date":"2021-08-08T10:07:41","date_gmt":"2021-08-08T08:07:41","guid":{"rendered":"http:\/\/etusis.de\/?page_id=932"},"modified":"2022-01-09T14:42:52","modified_gmt":"2022-01-09T13:42:52","slug":"stiftung","status":"publish","type":"page","link":"http:\/\/etusis.de\/en\/stiftung\/","title":{"rendered":"stiftung"},"content":{"rendered":"<p><img loading=\"lazy\" class=\"aligncenter\" src=\"http:\/\/etusis.de\/wp-content\/uploads\/2022\/01\/etusis-stiftung-foundation.jpg\" alt=\"\" width=\"1503\" height=\"1124\" \/><\/p>\n<p>&nbsp;<\/p>\n<p>Die \u201eEtusis Stiftung f\u00fcr Kinder und andere wilde Tiere\u201c wurde ins Leben gerufen um das Engagement von Susanne und Volker Ledermann fortzuf\u00fchren.<\/p>\n<p>Ihr Leben lang haben sich die Ledermanns f\u00fcr die wildesten Kreaturen unseres Planeten eingesetzt: Kinder und wilde Tiere.<\/p>\n<p>Zwei der von Susanne und Volker ins Leben gerufenen Projekte unterst\u00fctzt die Etusis Stiftung bis heute: Das <a href=\"#naturprojekt\">Etusis Natur- und Wildreservat<\/a> sowie das Sch\u00fclerheim <a href=\"#omulunga\">Omulunga<\/a>, beide in Namibia.<\/p>\n<p>Etusis ist der Name eines der sch\u00f6nsten Orte dieser Erde, gelegen in der Erongo-Region im Herzen von Namibia. Der Name Etusis bedeutet \u201ewo man sch\u00f6n tief tauchen kann\u201c und bezieht sich auf ein faszinierendes Wasserloch, das gesch\u00fctzt von steilen Felsw\u00e4nden, als einziges in vielen Kilometern umkreis seit Menschengedenken nicht ausgetrocknet ist und in dessen bis zu zw\u00f6lf Meter Tiefe sich manches Geheimnis verbirgt. Alle paar Jahre \u2013 viel zu selten \u2013 donnert ein tosender Wasserfall die steilen Felsklippen in das Becken hinunter. In den Jahren der Trockenheit ist er Segen und Verdammnis zugleich f\u00fcr die Tiere der Gegend, da er einerseits das lebensspendende Wasser beherbergt, andererseits aber auch am Ende einer Sackgasse liegt, die Leoparden und andere R\u00e4uber zu nutzen wissen.<\/p>\n<p>Die Etusis Foundation hat den Namen dieses Ortes \u00fcbernommen, nicht nur, da er im Herzen eines der wichtigsten Projekte der Ledermanns liegt, sondern da seine Wildheit symbolisch f\u00fcr das steht, zu dessen Erhalt wir beitragen wollen. Die pure Wildheit und gleichzeitig faszinierende Sch\u00f6nheit, wie sie besonders an zwei Stellen in dieser Welt sichtbar wird:<\/p>\n<p>Zum einen dort, wo noch Platz ist f\u00fcr unber\u00fchrte Natur \u2013 eben dort, wo wilde Tiere das Sagen haben.<\/p>\n<p>Zum anderen dort, wo die kindliche Phantasie Geheimnisvolles und Wildes erschafft, im Spiel frei von vorgefertigten Wegen, mit \u00dcberraschungen hinter jeder (Spiel-)Ecke \u2013 eben dort, wo Kinder das Sagen haben.<\/p>\n<p>Wir wollen daran arbeiten, dass wir durch die von uns gef\u00f6rderten Projekte die Existenzgrundlage f\u00fcr Kinder und andere wilde Tiere erhalten. Aber dies ohne Fesseln anzulegen, damit sie sich weiter den Abenteuern dieses Lebens stellen k\u00f6nnen. Genauso wie das tiefe Etusis-Wasserloch, das niemals austrocknet , eine nicht versiegende Quelle des Lebens, die aber gleichzeitig die Wildheit erh\u00e4lt. Das ist unsere Idee f\u00fcr die Etusis Stiftung.<\/p>\n<p>&nbsp;<\/p>\n<h1>Unsere Projekte<\/h1>\n<p>Die Etusis Foundation unterst\u00fctzt unter anderem die folgenden beiden von Susanne und Volker Ledermann ins Leben gerufenen Projekte:<\/p>\n<p>&nbsp;<\/p>\n<h2 id=\"naturprojekt\"><strong>1)\u00a0\u00a0 Das Etusis Natur- und Wildreservat<\/strong><\/h2>\n<p><img loading=\"lazy\" class=\"size-large\" src=\"http:\/\/etusis.de\/wp-content\/uploads\/2017\/02\/2013-01-24-06.38.07-2.jpg\" alt=\"Etusis Natur- &#038; Wildreservat\" width=\"800\" height=\"534\" \/><\/p>\n<p>Wilderei und der vom Staat stetig vorangetriebene Marmor- und Lithiumabbau auf dem Gel\u00e4nde der Farm sind die gr\u00f6\u00dften Bedrohungen f\u00fcr das Etusis Natur- und Wildreservat.<\/p>\n<p><img loading=\"lazy\" class=\"alignleft\" src=\"http:\/\/etusis.de\/wp-content\/uploads\/2021\/08\/Picture19.jpg\" alt=\"\" width=\"306\" height=\"407\" \/><\/p>\n<p>Die Etusis Foundation unterst\u00fctzt den Erhalt des Etusis-Reservats insbesondere durch Geldspenden. Diese werden f\u00fcr die Finanzierung von Wildh\u00fctern und Fallensuchern eingesetzt . Illegal gestellte Drahtschlingen und Fu\u00dffallen kosten vielen Antilopen und Bergzebras jedes Jahr das Leben. Au\u00dferdem werden die Spenden f\u00fcr die rechtliche Auseinandersetzung mit den sch\u00fcrfenden Minengesellschaften eingesetzt.\u00a0 \u00a0Insbesondere die Durchsetzung h\u00f6chstm\u00f6glicher Naturschutzstandards in und um den Minen ist ein st\u00e4ndiger Kampf. Da die \u00a0Vergabe der Minenrechte beim Staat liegt, bleibt\u00a0 dem Reservat nur die harte und teure rechtliche Auseinandersetzung.<\/p>\n<p><img class=\"aligncenter\" src=\"http:\/\/etusis.de\/wp-content\/uploads\/2021\/08\/Picture20.jpg\" alt=\"\" width=\"100%\" \/><\/p>\n<p>&nbsp;<\/p>\n<p>&nbsp;<\/p>\n<p><strong>Zur Geschichte des Reservats:<\/strong><\/p>\n<p>1993 erwarben Susanne und Volker Ledermann die Farm Etusis (und sp\u00e4ter noch die angrenzenden Farmen Neikhos und Habis), auf denen sie Volkers Jugendtraum realisierten und auf rund 22.000 Hektar ein St\u00fcck urspr\u00fcngliches Afrika erhalten.<\/p>\n<p>Die Idee des Reservats ist der freie Zug der Wildtiere ohne Wildz\u00e4une, die heute in weiten Teilen des s\u00fcdlichen Afrikas die nat\u00fcrliche Migration der Lebewesen unterbinden.<\/p>\n<p>Die 22.000 Hektar des Etusis Natur- und Wildreservats sind gepr\u00e4gt von drei wesentlichen landschaftlichen Bereichen:<\/p>\n<ul>\n<li>den Etusis Marmorbergen<\/li>\n<li>dem Otjpatera-Gebirgsmassiv mit dem Etusis Wasserfall<\/li>\n<li>der Etusis Ebene<\/li>\n<\/ul>\n<p>&nbsp;<\/p>\n<p><strong>DIE ETUSIS MARMORBERGE<\/strong><\/p>\n<figure style=\"width: 1920px\"  class=\"wp-caption alignnone\"><img loading=\"lazy\" title=\"Etusis Marmorberg\" src=\"http:\/\/etusis.de\/wp-content\/uploads\/2017\/12\/Marmor1-e1628408535857.jpg\" alt=\"Etusis Marmorberg\" width=\"1920\" height=\"1081\" \/><figcaption class=\"wp-caption-text\">Etusis Marmorberg<\/figcaption><\/figure>\n<p>\u00dcber die gesamte Farm erstreckt sich eine Kette von Marmorh\u00fcgeln \u2013 leider liegen die Sch\u00fcrfrechte beim namibischen Staat, so dass an einigen Stellen auch Marmor entnommen wird.<\/p>\n<p>Ungeachtet dessen sind die Marmorberge in ihrer einzigartigen Sch\u00f6nheit eine beeindruckende Besonderheit von Etusis.<\/p>\n<p>&nbsp;<\/p>\n<p><strong>DAS OTJPATERA-GEBIRGSMASSIV<\/strong><\/p>\n<figure style=\"width: 820px\"  class=\"wp-caption alignnone\"><img loading=\"lazy\" src=\"http:\/\/etusis.de\/wp-content\/uploads\/2021\/08\/OTJPATERA-GEBIRGSMASSIV.png\" alt=\"OTJPATERA GEBIRGSMASSIV\" width=\"820\" height=\"614\" \/><figcaption class=\"wp-caption-text\">OTJPATERA GEBIRGSMASSIV<\/figcaption><\/figure>\n<p>Otji \u2013 gro\u00df, Patera \u2013 zumachen. Als die Damara ihre Herden \u00fcber die Ebene trieben, bekam das Gebirgsmassiv seinen Namen. Denn die hohen Berge, die sich bis auf fast 2000 m erheben, versperrten den Weg.<\/p>\n<p>Spektakul\u00e4r erhebt sich das Massiv, das zu den \u00e4ltesten Bergen der Welt z\u00e4hlt, mit seinen Schluchten und steilen Abh\u00e4ngen und ist u.a. das Zuhause des Leoparden, der B\u00e4renpaviane und des Hartmann\u2019s Bergzebras.<\/p>\n<p>&nbsp;<\/p>\n<p><strong>DER ETUSIS WASSERFALL<\/strong><\/p>\n<figure style=\"width: 1920px\"  class=\"wp-caption alignnone\"><img loading=\"lazy\" src=\"http:\/\/etusis.de\/wp-content\/uploads\/2017\/12\/Wasserfall-e1628408785322.jpg\" alt=\"Etusis Wasserfall\" width=\"1920\" height=\"1440\" \/><figcaption class=\"wp-caption-text\">Etusis Wasserfall<\/figcaption><\/figure>\n<p>In guten Regenzeiten donnern hier die Wassermassen aus der dahinterliegenden Klamm \u00fcber den Etusis Wasserfall und ein breiter Fluss schl\u00e4ngelt sich durchs Tal, bis er vor der Lodge zu einem See gestaut wird.<\/p>\n<p>Die meiste Zeit des Jahres ist es aber ein trockenes Flussbett, ein sogenanntes Rivier, mit einer Ausnahme, die Etusis seinen Namen gegeben hat: Etusis ist \u201eder Platz an dem man tief tauchen kann\u201c, denn am Fu\u00dfe des Wasserfalls steht permanent bis zu 12m tief Wasser in einem kleinen See, der seit Menschengedenken nicht mehr ausgetrocknet ist. Ein Segen in diesem trockenen Land, weswegen die Etusis Wasserstelle schon in alten Aufzeichnungen erw\u00e4hnt wird und hart umk\u00e4mpft war.<\/p>\n<p><strong>DIE ETUSIS EBENE<\/strong><\/p>\n<figure style=\"width: 800px\"  class=\"wp-caption alignnone\"><img loading=\"lazy\" src=\"http:\/\/etusis.de\/wp-content\/uploads\/2017\/02\/2013-01-24-06.38.07-1.jpg\" alt=\"Etusis Ebene\" width=\"800\" height=\"534\" \/><figcaption class=\"wp-caption-text\">Etusis Ebene<\/figcaption><\/figure>\n<p>Vor den beiden Gebirgsketten erstreckt sich die Etusis Ebene \u2013 zumeist flaches Grasland, unterbrochen von Felsanh\u00e4ufungen aus der Eiszeit, die in ihrer Symmetrie anmuten wie von Menschenhand gestapelt.<\/p>\n<p>&nbsp;<\/p>\n<p><strong>DIE ETUSIS TIERWELT<\/strong><\/p>\n<p><img src=\"http:\/\/etusis.de\/wp-content\/uploads\/2017\/12\/DSC08158-e1628409072416.jpg\" \/><br \/>\nDurch alle Bereiche des Reservats ziehen eine Vielzahl wilder Tiere. Das Hartmann Bergzebra findet sich dabei \u00fcberall \u2013 von der Ebene bis fast auf die h\u00f6chsten Gipfel. 1993, bei der Gr\u00fcndung des Reservats, war es in dieser Gegend vom Aussterben bedroht. Volker und Susanne Ledermann richteten daher in Kooperation mit dem Zoo Z\u00fcrich die namibische Etusis Stiftung zur Erhaltung des Hartmann Bergzebras ein. Das Bewegungsverhalten der Zebras wurde studiert, die angrenzenden Farmer von schonender Jagd \u00fcberzeugt und nat\u00fcrlich ein strenges Jagdverbot im Reservat eingerichtet. Heute hat sich die Population erfreulich erholt und auf fast jedem Scenic Drive zeigen sich unsere Zebras auch unseren G\u00e4sten.<\/p>\n<p><img src=\"http:\/\/etusis.de\/wp-content\/uploads\/2017\/02\/DSC05310.jpg\" \/><\/p>\n<p>Der K\u00f6nig des Reservats ist der Leopard \u2013 zwar zeigt es sich nur selten, aber seine Spuren finden sich \u00fcberall im Sand und die Reviere erstrecken sich ebenfalls bis hoch in die Etusisberge.<\/p>\n<p>Eine seiner Lieblingsbeute sind die allgegenw\u00e4rtigen B\u00e4renpaviane, die bevorzugt auf den Felsen der Marmorberge leben.<\/p>\n<p>Daneben gibt es eine Vielzahl von Antilopen \u2013 Kudus, Oryx, Impalas, Springb\u00f6cke und in den Bergen die anmutigen Klippspringer.<\/p>\n<p>Den Z\u00fcgen der Antilopen folgen auch weitere J\u00e4ger, allen voran der geschmeidige Gepard.<\/p>\n<p>Die Nacht wird von anderen, vielen von uns unbekannten wilden Tieren beherrscht: Erdw\u00f6lfe, Zibetkatzen, Braune Hy\u00e4nen, der an ein K\u00e4nguru erinnernde Springhase, das liebensw\u00fcrdig wie ein kahler Ameisenb\u00e4r daher wackelnde Erdferkel oder die possierlichen, aber wehrhaften Stachelschweine sind nur einige Kreaturen der Etusis-N\u00e4chte.<\/p>\n<p>Aber wer den Blick einmal gen Himmel wendet, wird ein anderes Schauspiel bewundern \u2013 einen Sternenhimmel, wie er im Lichte europ\u00e4ischer Gro\u00dfst\u00e4dte niemals sichtbar wird.<\/p>\n<p>Apropos gen Himmel schauen: auch eine reiche Vogelwelt erfreut uns: vom Kolibri bis zum Strau\u00df, vom Webervogel bis zu verschiedensten Adlern, von den bunten Bienenfressern und Tokos am Tage bis zu den Eulen der Nacht sind viele Spezies vertreten.<\/p>\n<p><strong>MINERALIEN UND PFLANZEN NAMIBIAS AUF ETUSIS<\/strong><\/p>\n<p>Das trockene, karge Land zeichnet sich durch viel Sand und Gestein aus. Allein auf Etusis finden sich alte Minen, in denen Gold, Turmalin, Kupfer, Glimmer, Lithium und nat\u00fcrlich Marmor abgebaut wurde oder wird. Leider liegt die Verhinderung dieses permanenten Abbaus von Teilen der Bergwelt nicht in unserer Hand \u2013 die Sch\u00fcrfrechte liegen beim namibischen Staat. Viele 10.000 Tonnen (!) des Reservats werden Woche f\u00fcr Woche abtransportiert.<\/p>\n<p>Trotz der Kargheit w\u00e4chst auf Etusis auch so einiges und gerade die \u00dcberlebenskunst in der Trockenheit macht die Pflanzenwelt so erstaunlich. Ob Buschmannkerze, Flaschen- oder Balsambaum, Besen- oder Futterbusch, die giftigen Wolfsmilchgew\u00e4chse oder die verschiedenen Akazien: jede Pflanze hat ihre faszinierende Eigenart.<\/p>\n<p>&nbsp;<\/p>\n<h2 id=\"omulunga\"><strong>2)\u00a0\u00a0 Das Sch\u00fclerheim Omulunga<\/strong><\/h2>\n<p>&nbsp;<\/p>\n<p><img loading=\"lazy\" class=\"alignnone size-large\" src=\"http:\/\/etusis.de\/wp-content\/uploads\/2021\/08\/Picture11.jpg\" width=\"721\" height=\"541\" \/>Eine der gr\u00f6\u00dften Herausforderungen Namibias ist die Bildung. Theoretisch besteht Schulpflicht. F\u00fcr viele Mitarbeiter auf Farmen ist es aber nicht m\u00f6glich, ihre Kinder t\u00e4glich den weiten Weg zur Schule zu bringen. Zum einen haben die Wenigsten selbst ein Auto. Aber selbst wenn &#8211; wer noch nicht das Gl\u00fcck hatte, Namibia kennenzulernen, kann sich kaum vorstellen, wie gro\u00df die Entfernungen sind und wie lange es dauert, diese mit dem Auto zu \u00fcberwinden (von den Farmen kann die Fahrt zur Schule auch wenn es \u201enur\u201c 50 km sind leicht einige Stunden in Anspruch nehmen). Klassische Internate wiederum sind f\u00fcr einen Gro\u00dfteil der namibischen Bev\u00f6lkerung, gerade f\u00fcr die Arbeiter auf den Farmen, \u00a0nicht bezahlbar.<\/p>\n<p>&nbsp;<\/p>\n<p><img loading=\"lazy\" class=\"size-large alignleft\" src=\"http:\/\/etusis.de\/wp-content\/uploads\/2021\/08\/Picture14.jpg\" alt=\"Sch\u00fclerlandheim Omulunga\" width=\"336\" height=\"189\" \/><\/p>\n<p>Die Etusis Foundation unterst\u00fctzt das Sch\u00fclerheim Omulunga in Grootfontein (im Nord- Westen Namibias), insbesondere durch \u00dcbernahme von Instandhaltungs- Ern\u00e4hrungs- und Personalkosten.<\/p>\n<p>Unser Traum ist aber, in n\u00e4chster Zeit die Erweiterung des Sch\u00fclerheims durch Spenden zu erm\u00f6glichen, da die Kapazit\u00e4tsgrenze l\u00e4ngst erreicht ist.<\/p>\n<p><img loading=\"lazy\" class=\" alignleft\" src=\"http:\/\/etusis.de\/wp-content\/uploads\/2021\/08\/Picture16.jpg\" width=\"355\" height=\"454\" \/>Das Sch\u00fclerheim wurde von Volker und Susanne gemeinsam mit Irmgard und Max Beyer und dem gesamten Team der G\u00e4stefarm Dornh\u00fcgel ins Leben gerufen. Es ist ein Ort, an dem bis zu zw\u00f6lf Kinder im Alter von bis zu 14 Jahren (die J\u00fcngsten sind 7 Jahre) , die sonst keine Schulbildung bekommen w\u00fcrden, in der N\u00e4he der Schule \u00fcbernachten k\u00f6nnen, Essen erhalten und durch unsere herzensgute Heimmutter Monica Hilfe bei den Hausaufgaben und anderen Herausforderungen des Lebens erhalten.<\/p>\n<p><img loading=\"lazy\" class=\"size-large aligncenter\" style=\"font-size: 1rem;\" src=\"http:\/\/etusis.de\/wp-content\/uploads\/2021\/08\/Picture15.jpg\" width=\"318\" height=\"178\" \/><\/p>\n<p>Unsere Heimmutter Monica kocht f\u00fcr sie (nat\u00fcrlich Lebensmittel von Dornh\u00fcgel), bringt sie zur Schule, holt sie ab und macht Hausaufgaben mit ih<span style=\"font-size: 1rem;\">nen. Am Wochenende fahren die Kinder zu ihren Eltern.<\/span><\/p>\n<p>&nbsp;<\/p>\n<p>&nbsp;<\/p>\n<p><img loading=\"lazy\" class=\"size-large aligncenter\" src=\"http:\/\/etusis.de\/wp-content\/uploads\/2021\/08\/Picture17.jpg\" width=\"362\" height=\"203\" \/><\/p>\n<p>Wir sind stolz, dass einige unserer Sch\u00fctzlinge schon Preise f\u00fcr die Leistungen in der Schule bekommen haben. Und trotzdem bleiben sie wild!<\/p>\n<h1>Deine Spende<\/h1>\n<p>M\u00f6chtest du die Arbeit der Etusis Stiftung unterst\u00fctzen? Dann freuen wir uns \u00fcber deine Spende unter Angabe von <strong>Name<\/strong>, <strong>Adresse<\/strong> und <strong>Spendenzweck<\/strong> (bitte gebt an, wenn ihr ein konkretes Projekt unterst\u00fctzen wollt, sonst einfach \u201e<strong>Spende<\/strong>\u201c) an<\/p>\n<p>Etusis Foundation<br \/>\nIBAN: DE18 7012 0400 3239 6770 02<br \/>\nBIC: DABBDEMMXXX<\/p>\n<h1>Impressum \/ Kontakt<\/h1>\n<p>Etusis Foundation<br \/>\nAm Sandtorkai 44<br \/>\n20457 Hamburg<\/p>\n<p>Vorstand: Doris Janke, Anika Ledermann, Per Ledermann<\/p>\n<p>e-mail: <a href=\"mailto:foundation@etusis.com\">foundation@etusis.com<\/a><\/p>\n<p>&nbsp;<\/p>\n<p><img loading=\"lazy\" class=\"alignnone size-large\" src=\"http:\/\/etusis.de\/wp-content\/uploads\/2021\/08\/Picture20.jpg\" width=\"522\" height=\"391\" \/><\/p>\n<p>&nbsp;<\/p>\n<p><img loading=\"lazy\" class=\"size-large alignleft\" src=\"http:\/\/etusis.de\/wp-content\/uploads\/2021\/08\/Picture19.jpg\" width=\"306\" height=\"407\" \/><\/p>\n<p><\/p>","protected":false},"excerpt":{"rendered":"<p>&nbsp; Die \u201eEtusis Stiftung f\u00fcr Kinder und andere wilde Tiere\u201c wurde ins Leben gerufen um das Engagement von Susanne und Volker Ledermann fortzuf\u00fchren. Ihr Leben lang haben sich die Ledermanns f\u00fcr die wildesten Kreaturen unseres Planeten eingesetzt: Kinder und wilde Tiere. Zwei der von Susanne und Volker ins Leben gerufenen Projekte unterst\u00fctzt die Etusis Stiftung &hellip; <\/p>\n<p class=\"link-more\"><a href=\"http:\/\/etusis.de\/en\/stiftung\/\" class=\"more-link\">Continue reading<span class=\"screen-reader-text\"> &#8220;stiftung&#8221;<\/span><\/a><\/p>\n","protected":false},"author":1,"featured_media":0,"parent":0,"menu_order":0,"comment_status":"closed","ping_status":"closed","template":"","meta":[],"amp_enabled":true,"_links":{"self":[{"href":"http:\/\/etusis.de\/en\/wp-json\/wp\/v2\/pages\/932"}],"collection":[{"href":"http:\/\/etusis.de\/en\/wp-json\/wp\/v2\/pages"}],"about":[{"href":"http:\/\/etusis.de\/en\/wp-json\/wp\/v2\/types\/page"}],"author":[{"embeddable":true,"href":"http:\/\/etusis.de\/en\/wp-json\/wp\/v2\/users\/1"}],"replies":[{"embeddable":true,"href":"http:\/\/etusis.de\/en\/wp-json\/wp\/v2\/comments?post=932"}],"version-history":[{"count":18,"href":"http:\/\/etusis.de\/en\/wp-json\/wp\/v2\/pages\/932\/revisions"}],"predecessor-version":[{"id":976,"href":"http:\/\/etusis.de\/en\/wp-json\/wp\/v2\/pages\/932\/revisions\/976"}],"wp:attachment":[{"href":"http:\/\/etusis.de\/en\/wp-json\/wp\/v2\/media?parent=932"}],"curies":[{"name":"wp","href":"https:\/\/api.w.org\/{rel}","templated":true}]}}